{"id":2320,"date":"2019-09-16T22:00:57","date_gmt":"2019-09-16T22:00:57","guid":{"rendered":"https:\/\/qensemble.com\/home\/"},"modified":"2024-10-10T20:17:57","modified_gmt":"2024-10-10T20:17:57","slug":"home","status":"publish","type":"page","link":"https:\/\/qensemble.com\/de\/","title":{"rendered":""},"content":{"rendered":"\n<figure class=\"is-style-default wp-block-image size-large is-resized\"><img data-recalc-dims=\"1\" loading=\"lazy\" decoding=\"async\" width=\"1000\" height=\"1000\" data-attachment-id=\"3273\" data-permalink=\"https:\/\/qensemble.com\/de\/home\/03_qeb_logo_web_white-2-2\/\" data-orig-file=\"https:\/\/i0.wp.com\/qensemble.com\/wp-content\/uploads\/03_QEB_logo_web_white-2.jpg?fit=1200%2C1200&amp;ssl=1\" data-orig-size=\"1200,1200\" data-comments-opened=\"0\" data-image-meta=\"{&quot;aperture&quot;:&quot;0&quot;,&quot;credit&quot;:&quot;&quot;,&quot;camera&quot;:&quot;&quot;,&quot;caption&quot;:&quot;&quot;,&quot;created_timestamp&quot;:&quot;0&quot;,&quot;copyright&quot;:&quot;&quot;,&quot;focal_length&quot;:&quot;0&quot;,&quot;iso&quot;:&quot;0&quot;,&quot;shutter_speed&quot;:&quot;0&quot;,&quot;title&quot;:&quot;&quot;,&quot;orientation&quot;:&quot;0&quot;}\" data-image-title=\"03_QEB_logo_web_white-2\" data-image-description=\"\" data-image-caption=\"\" data-large-file=\"https:\/\/i0.wp.com\/qensemble.com\/wp-content\/uploads\/03_QEB_logo_web_white-2.jpg?fit=1000%2C1000&amp;ssl=1\" src=\"https:\/\/i0.wp.com\/qensemble.com\/wp-content\/uploads\/\/03_QEB_logo_web_white-2.jpg?resize=1000%2C1000&#038;ssl=1\" alt=\"\" class=\"wp-image-3273\" style=\"width:758px;height:758px\"\/><\/figure>\n\n\n\n<h5 class=\"wp-block-heading has-text-align-center\">Edu Rojas <em>K\u00fcnstlerische Leitung<\/em><\/h5>\n\n\n\n<div class=\"wp-block-buttons is-content-justification-center is-layout-flex wp-container-core-buttons-is-layout-fe48e5de wp-block-buttons-is-layout-flex\">\n<div class=\"wp-block-button\"><a class=\"wp-block-button__link wp-element-button\" href=\"https:\/\/qensemble.com\">EN<\/a><\/div>\n\n\n\n<div class=\"wp-block-button\"><a class=\"wp-block-button__link wp-element-button\" href=\"https:\/\/qensemble.com\/de\">DE<\/a><\/div>\n<\/div>\n\n\n\n<h2 class=\"wp-block-heading\">Dysphoria<\/h2>\n\n\n\n<figure class=\"wp-embed-aspect-4-3 wp-has-aspect-ratio wp-block-embed is-type-video is-provider-youtube wp-block-embed-youtube\"><div class=\"wp-block-embed__wrapper\">\n<iframe loading=\"lazy\" title=\"Dysphoria - Q Ensemble Berlin\" width=\"500\" height=\"375\" src=\"https:\/\/www.youtube.com\/embed\/0hlhMMz2bHU?feature=oembed\" frameborder=\"0\" allow=\"accelerometer; autoplay; clipboard-write; encrypted-media; gyroscope; picture-in-picture; web-share\" referrerpolicy=\"strict-origin-when-cross-origin\" allowfullscreen><\/iframe>\n<\/div><\/figure>\n\n\n\n<p class=\"has-text-align-center wp-block-paragraph\"><strong>DYSPHORIA<\/strong><\/p>\n\n\n\n<p class=\"has-text-align-center wp-block-paragraph\"><strong>12. Oktober 2024&nbsp;19:00 Uhr&nbsp;&#8211; Alte M\u00fcnze, Molkenmarkt 2 10179 Berlin&nbsp;<\/strong><\/p>\n\n\n\n<p class=\"has-text-align-center wp-block-paragraph\"><a href=\"https:\/\/www.altemusikfestfriedenau.com\/dysphoria\">https:\/\/www.altemusikfestfriedenau.com\/dysphoria<\/a><\/p>\n\n\n\n<p class=\"has-text-align-center wp-block-paragraph\"><em>Edu Rojas &#8211; Countertenor<\/em><\/p>\n\n\n\n<p class=\"has-text-align-center wp-block-paragraph\"><em>Liane Sadler &#8211; Traversfl\u00f6te<\/em><\/p>\n\n\n\n<p class=\"has-text-align-center wp-block-paragraph\"><em>Leon J\u00e4necke &#8211;&nbsp;Theorbo and Baroque Guitar<\/em><\/p>\n\n\n\n<p class=\"has-text-align-center wp-block-paragraph\"><em>Valentina Villase\u00f1or &#8211; Cembalo<\/em><\/p>\n\n\n\n<p class=\"has-text-align-center wp-block-paragraph\"><em>Mikel Elgezabal &#8211; Cello<\/em><\/p>\n\n\n\n<p class=\"has-text-align-center wp-block-paragraph\"><em>Felipe Morales &#8211; Latin Percussion<\/em><\/p>\n\n\n\n<p class=\"has-text-align-center wp-block-paragraph\"><em>Nathalia Vald\u00e9s &#8211; Performer<\/em><\/p>\n\n\n\n<p class=\"has-text-align-center wp-block-paragraph\"><em>Luz Quintans and Finn Reinhold &#8211; Testimonials \/ Spoken Text.<\/em><\/p>\n\n\n\n<p class=\"has-text-align-center wp-block-paragraph\">Das&nbsp;Q&nbsp;Ensemble&nbsp;Berlin pr\u00e4sentiert ein bewegendes Programm, das die dramatische Intensit\u00e4t barocker Arien von Komponisten wie&nbsp;<strong>Antonio Vivaldi und Georg Friedrich H\u00e4ndel<\/strong>mit der harmonischen Eleganz traditioneller&nbsp;<strong>lateinamerikanischer Boleros<\/strong>&nbsp;von Armando Manzanero und Gabriel Ruiz vereint.&nbsp;<\/p>\n\n\n\n<p class=\"has-text-align-center wp-block-paragraph\">Diese einzigartige Verschmelzung musikalischer Genres wurde sorgf\u00e4ltig kuratiert, um die tief pers\u00f6nlichen Erfahrungen von&nbsp;<strong>Gender-Dysphorie&nbsp;<\/strong>zu erkunden und auszudr\u00fccken\u2014ein tiefes Unbehagen, das entsteht, wenn die eigene Geschlechtsidentit\u00e4t nicht mit dem bei der Geburt zugewiesenen Geschlecht \u00fcbereinstimmt.&nbsp;Die Auff\u00fchrung taucht in die emotionalen und sozialen Komplexit\u00e4ten dieser Erfahrung ein und bietet eine seltene und kraftvolle Erz\u00e4hlung durch Musik.&nbsp;<\/p>\n\n\n\n<p class=\"has-text-align-center wp-block-paragraph\"><\/p>\n\n\n\n<div style=\"height:47px\" aria-hidden=\"true\" class=\"wp-block-spacer\"><\/div>\n\n\n\n<figure class=\"wp-embed-aspect-16-9 wp-has-aspect-ratio wp-block-embed is-type-video is-provider-youtube wp-block-embed-youtube\"><div class=\"wp-block-embed__wrapper\">\n<iframe loading=\"lazy\" title=\"Sol da te, mio dolce amore by A. Vivaldi RV 728 - Q Ensemble Berlin\" width=\"500\" height=\"281\" src=\"https:\/\/www.youtube.com\/embed\/Ofi64PJXdHQ?feature=oembed\" frameborder=\"0\" allow=\"accelerometer; autoplay; clipboard-write; encrypted-media; gyroscope; picture-in-picture; web-share\" referrerpolicy=\"strict-origin-when-cross-origin\" allowfullscreen><\/iframe>\n<\/div><figcaption class=\"wp-element-caption\">Aria <em>Sol da te mio dolce amore <\/em>von Antonio Vivaldi (aus Oper <em>Orlando Furioso <\/em>RV 728). Edu Rojas, Countertenor. Liane Sadler, Traversfl\u00f6te.<\/figcaption><\/figure>\n\n\n\n<div style=\"height:40px\" aria-hidden=\"true\" class=\"wp-block-spacer\"><\/div>\n\n\n\n<h3 class=\"wp-block-heading\">Cessate, omai cessate! <\/h3>\n\n\n\n<figure class=\"wp-embed-aspect-16-9 wp-has-aspect-ratio wp-block-embed is-type-video is-provider-youtube wp-block-embed-youtube\"><div class=\"wp-block-embed__wrapper\">\n<iframe loading=\"lazy\" title=\"Cessate, omai cessate! Antonio Vivaldi RV 684 - Q Ensemble Berlin\" width=\"500\" height=\"281\" src=\"https:\/\/www.youtube.com\/embed\/OMSxGseTlU0?feature=oembed\" frameborder=\"0\" allow=\"accelerometer; autoplay; clipboard-write; encrypted-media; gyroscope; picture-in-picture; web-share\" referrerpolicy=\"strict-origin-when-cross-origin\" allowfullscreen><\/iframe>\n<\/div><figcaption class=\"wp-element-caption\">Videoclip Kantate <em>Cessate omai cessate<\/em> RV 684 von Antonio Vivaldi<\/figcaption><\/figure>\n\n\n\n<div style=\"height:40px\" aria-hidden=\"true\" class=\"wp-block-spacer\"><\/div>\n\n\n\n<p class=\"has-text-align-center wp-block-paragraph\">YouTube-Playlist zur Kantate:<\/p>\n\n\n\n<figure class=\"wp-embed-aspect-16-9 wp-has-aspect-ratio wp-block-embed is-type-video is-provider-youtube wp-block-embed-youtube\"><div class=\"wp-block-embed__wrapper\">\n<iframe loading=\"lazy\" title=\"Antonio Vivaldi (1678 - 1741) - Cessate omai Cessate RV 684\" width=\"500\" height=\"281\" src=\"https:\/\/www.youtube.com\/embed\/videoseries?list=PL0b5nVz1WDO719VzMwD2PW-GelUBVGN1g\" frameborder=\"0\" allow=\"accelerometer; autoplay; clipboard-write; encrypted-media; gyroscope; picture-in-picture; web-share\" referrerpolicy=\"strict-origin-when-cross-origin\" allowfullscreen><\/iframe>\n<\/div><\/figure>\n\n\n\n<div style=\"height:40px\" aria-hidden=\"true\" class=\"wp-block-spacer\"><\/div>\n\n\n\n<h3 class=\"wp-block-heading\">Crossing Borders<\/h3>\n\n\n\n<figure class=\"wp-embed-aspect-16-9 wp-has-aspect-ratio wp-block-embed is-type-video is-provider-youtube wp-block-embed-youtube\"><div class=\"wp-block-embed__wrapper\">\n<iframe loading=\"lazy\" title=\"Crossing Borders | Alte Musik Fest Friedenau\" width=\"500\" height=\"281\" src=\"https:\/\/www.youtube.com\/embed\/zobW_7G0cE8?feature=oembed\" frameborder=\"0\" allow=\"accelerometer; autoplay; clipboard-write; encrypted-media; gyroscope; picture-in-picture; web-share\" referrerpolicy=\"strict-origin-when-cross-origin\" allowfullscreen><\/iframe>\n<\/div><figcaption class=\"wp-element-caption\"><em>Crossing Borders: <\/em>\u00dcber das Leben Catalina de Erausos. Konzert im Rahmen des Friedenau Alte Musik Fests 2021.<\/figcaption><\/figure>\n\n\n\n<div style=\"height:40px\" aria-hidden=\"true\" class=\"wp-block-spacer\"><\/div>\n\n\n\n<h3 class=\"wp-block-heading\">31 oder Die Macht der Liebe von Andreas Arend (*1973). <\/h3>\n\n\n\n<p class=\"has-normal-font-size wp-block-paragraph\">Kompositionsauftrag f\u00fcr das Q Ensemble (2021). Auf Georg Friedrich H\u00e4ndels Kantate <em>Mi palpita il cor <\/em>HWV 132c basiert. Erster Satz.<\/p>\n\n\n\n<figure class=\"wp-block-audio\"><audio controls src=\"https:\/\/qensemble.com\/wp-content\/uploads\/01-31-oder-die-Macht-der-Liebe-I-Preludio-Recitativo.wav-1.mp3\"><\/audio><\/figure>\n\n\n\n<div style=\"height:40px\" aria-hidden=\"true\" class=\"wp-block-spacer\"><\/div>\n\n\n\n<figure class=\"wp-embed-aspect-16-9 wp-has-aspect-ratio wp-block-embed is-type-video is-provider-youtube wp-block-embed-youtube\"><div class=\"wp-block-embed__wrapper\">\n<iframe loading=\"lazy\" title=\"Cara Sposa by G. F. Handel. Edu Rojas, countertenor - Q Ensemble Berlin.\" width=\"500\" height=\"281\" src=\"https:\/\/www.youtube.com\/embed\/8-FvvzMz_nA?feature=oembed\" frameborder=\"0\" allow=\"accelerometer; autoplay; clipboard-write; encrypted-media; gyroscope; picture-in-picture; web-share\" referrerpolicy=\"strict-origin-when-cross-origin\" allowfullscreen><\/iframe>\n<\/div><figcaption class=\"wp-element-caption\">Edu Rojas singt H\u00e4ndels Aria <em>Cara Sposa<\/em>, Teil von <em>Love yet again<\/em> (Theater im Delphi Berlin, 9.9.2022)<\/figcaption><\/figure>\n\n\n\n<h2 class=\"wp-block-heading\">Love yet again. <\/h2>\n\n\n\n<h5 class=\"wp-block-heading\">8. und 9. September 2022<br>Theater im Delphi, Berlin<\/h5>\n\n\n\n<div class=\"wp-block-buttons is-layout-flex wp-block-buttons-is-layout-flex\"><\/div>\n\n\n\n<p class=\"has-text-align-center wp-block-paragraph\">Liebe, immer wieder Liebe. Kein Begriff wurde in der Kulturgeschichte mehr besungen und beschrieben. Und dennoch ist die Liebe bis heute das Ph\u00e4nomen, das wir wohl am wenigsten erkl\u00e4ren k\u00f6nnen. Das Q Ensemble Berlin macht die Herausforderungen der Liebe im musiktheatralischen Konzert \u201eLove yet again \u2013 (Noch) eine Liebesgeschichte\u201c zum Thema. Hier begeben sich die jungen K\u00fcnstler:innen gemeinsam mit dem Klangk\u00fcnstler Alois Sp\u00e4th in barocke Welten mit Musik von H\u00e4ndel, Vivaldi und Scarlatti, sowie des deutschen Komponisten Andreas Arend.<\/p>\n\n\n\n<p class=\"has-text-align-center wp-block-paragraph\">Teil des Programms ist auch die Urauff\u00fchrung \u201e31 oder die Macht der Liebe\u201c von Andreas Arend, der das erste belegte Gedicht im Abendland der griechischen Dichterin Sappho vertonte und in eine Kantate Georg Friedrich H\u00e4ndels eingearbeitet hat. In Sapphos Fragment Nr. 31 wird das Ph\u00e4nomen erz\u00e4hlt, wie die Liebe k\u00f6rperliche Beeintr\u00e4chtigungen und unkontrollierbare Reaktionen in K\u00f6rper und Geist ausl\u00f6st. Die Liebe hat das Potenzial, unser Leben komplett zu verwandeln, sei es in positiver oder negativer Form: ob Verbindung oder Trennung. Liebe ist die Kraft, die die menschliche Kommunikation steuert.<\/p>\n\n\n\n<p class=\"has-text-align-center wp-block-paragraph\">Edu Rojas, Countertenor<br>Liane Sadler, Traversfl\u00f6te<br>Leopold Nicolaus, Sophie Longmuir, Geige<br>Ian Carlos Herrera, Bratsche<br>Mikel Elgezabal, Cello<br>Leon J\u00e4nicke, Theorbe<br>Valentina Villase\u00f1or, Cembalo<br>Alois Sp\u00e4th, Soundscape, Elektronik<\/p>\n\n\n\n<p class=\"has-text-align-center wp-block-paragraph\">Edward Ananian-Cooper, musikalische Leitung<br>Carlo Nevio Wilfart, Regie<br>Linda Tiebel, Kost\u00fcme<\/p>\n\n\n\n<p class=\"has-text-align-center wp-block-paragraph\">Edu Rojas &amp; Valentina Villase\u00f1or, Konzept, Dramaturgie, k\u00fcnstlerische Leitung<\/p>\n\n\n\n<figure class=\"wp-embed-aspect-16-9 wp-has-aspect-ratio wp-block-embed is-type-video is-provider-youtube wp-block-embed-youtube\"><div class=\"wp-block-embed__wrapper\">\n<iframe loading=\"lazy\" title=\"&quot;Love Yet Again&quot; - Q Ensemble Berlin - Erste Probe\" width=\"500\" height=\"281\" src=\"https:\/\/www.youtube.com\/embed\/UiOVD-hFNjs?feature=oembed\" frameborder=\"0\" allow=\"accelerometer; autoplay; clipboard-write; encrypted-media; gyroscope; picture-in-picture; web-share\" referrerpolicy=\"strict-origin-when-cross-origin\" allowfullscreen><\/iframe>\n<\/div><figcaption class=\"wp-element-caption\">Erste Probe LOVE YET AGAIN<\/figcaption><\/figure>\n\n\n\n<hr class=\"wp-block-separator has-alpha-channel-opacity\"\/>\n\n\n\n<hr class=\"wp-block-separator has-alpha-channel-opacity\"\/>\n\n\n\n<h2 class=\"wp-block-heading has-text-align-center\">Q ENSEMBLE BERLIN<\/h2>\n\n\n\n<p class=\"has-text-align-center has-medium-font-size wp-block-paragraph\">Das Q Ensemble Berlin hat sich 2019 aus einer internationalen Gruppe von Musiker*innen im inspirierenden Chaos der deutschen Hauptstadt Berlin gegr\u00fcndet. Oberstes Ziel der Gruppe ist eine innovative Interpretation der Alten Musik durch einen zeitgem\u00e4\u00dfen Blick auf die historischen Quellen in Verbindung mit aktuellen Diskursen und k\u00fcnstlerischen Praxis. Dabei kollaboriert das Q Ensemble auch mit K\u00fcnstler*innen anderer Disziplinen, wie beispielsweise Tanz, Video und Schauspiel und sucht damit einen interdisziplin\u00e4ren Austausch.<br><br>Seit seiner Gr\u00fcndung legt das Q Ensemble den Fokus seiner Konzerte auf Erforschen und Experimentieren. Die Musiker*innen des Ensembles treten als ganzheitliche K\u00fcnstlerpers\u00f6nlichkeiten auf &#8211; sie spielen, performen und bringen ihre ganzen Lebens- und k\u00fcnstlerischen Erfahrungen ins Spiel.<\/p>\n\n\n\n<p class=\"has-text-align-center wp-block-paragraph\">Das Q Ensemble verbindet \u00e4sthetisches H\u00f6rvergn\u00fcgen mit klanglichen Untersuchungen und kritischer Reflexion der historischen Auff\u00fchrungspraxis als ein Resultat spezifischer historischer und kultureller Begebenheiten. Auf diese Art und Weise verfolgt Q Ensemble den Zweck, ein neues Licht auf das Repertoire des 17. Und 18. Jahrhundert zu werfen, die heutige Spielart und den Umgang mit dieser Musik zu hinterfragen, und in diesem Zusammenhang Themen zu bearbeiten, die die heutige Gesellschaft bewegen.<br><br>Die Musiker*innen des Q Ensembles wurden an f\u00fchrenden europ\u00e4ischen Institutionen, wie beispielsweise der Schola Cantorum Basiliensis, der Universit\u00e4t der K\u00fcnste Berlin, den Konservatorien Den Haag und Amsterdam und dem CNSMD Paris weiter- und ausgebildet. Sie spielten in renommierten Orchestern im Bereich der Alten Musik, wie der Akademie f\u00fcr Alte Musik Berlin, Collegium 1704, Anima Eterna Brugge, Orchestra of the Age of Enlightenment und Holland Baroque. Die Mitglieder des Q Ensembles musizierten bereits mit renommierten Musiker*innen wie Sigiswald Kuijken, Midori Seiler, Jos van Immerseel, V\u00e1clav Luks, Richard Egarr, Kate Clark und Michael Chance, und arbeiteten mit Regisseur*innen wie Pierre Audi, Alexander Oliver und Andrea Raabe.<\/p>\n\n\n\n<p class=\"has-text-align-center wp-block-paragraph\">Zudem engagieren sich die Mitglieder des Q auch au\u00dferhalb des Ensembles und sind Teil verschiedener Projekte und Initiativen. Sie kollaborieren mit DJs, Klangk\u00fcnstlern und Lichtdesigner und kreieren Performances, in denen sie historische Instrumente mit elektronischem Instrumentarium verbinden. Zudem sind sie Gr\u00fcnder*innen des Alte Musik Fest Friedenau, leiten das Junge Alte Musik Orchester <em>Weimar Baroque<\/em>, sie unterrichten am Konservatorium Amsterdam und am Opernstudio der Nationaloper der Niederlande und sie forschen musikwissenschaftlich und k\u00fcnstlerisch zum historischen Instrumentarium, wie beispielsweise dem Clavichord.<\/p>\n\n\n\n<figure class=\"wp-block-image size-large\"><img data-recalc-dims=\"1\" loading=\"lazy\" decoding=\"async\" width=\"1000\" height=\"667\" data-attachment-id=\"3322\" data-permalink=\"https:\/\/qensemble.com\/de\/home\/q-ensemble-jeremy-knowles\/\" data-orig-file=\"https:\/\/i0.wp.com\/qensemble.com\/wp-content\/uploads\/Q-Ensemble-%C2%A9-Jeremy-Knowles-scaled.jpg?fit=2560%2C1707&amp;ssl=1\" data-orig-size=\"2560,1707\" data-comments-opened=\"0\" data-image-meta=\"{&quot;aperture&quot;:&quot;5.6&quot;,&quot;credit&quot;:&quot;JEREMY KNOWLES&quot;,&quot;camera&quot;:&quot;NIKON D850&quot;,&quot;caption&quot;:&quot;&quot;,&quot;created_timestamp&quot;:&quot;1656343494&quot;,&quot;copyright&quot;:&quot;&quot;,&quot;focal_length&quot;:&quot;31&quot;,&quot;iso&quot;:&quot;100&quot;,&quot;shutter_speed&quot;:&quot;0.008&quot;,&quot;title&quot;:&quot;&quot;,&quot;orientation&quot;:&quot;1&quot;}\" data-image-title=\"Q-Ensemble-\u00a9-Jeremy-Knowles\" data-image-description=\"\" data-image-caption=\"\" data-large-file=\"https:\/\/i0.wp.com\/qensemble.com\/wp-content\/uploads\/Q-Ensemble-%C2%A9-Jeremy-Knowles-scaled.jpg?fit=1000%2C667&amp;ssl=1\" src=\"https:\/\/i0.wp.com\/qensemble.com\/wp-content\/uploads\/\/Q-Ensemble-%C2%A9-Jeremy-Knowles.jpg?resize=1000%2C667&#038;ssl=1\" alt=\"\" class=\"wp-image-3322\" srcset=\"https:\/\/i0.wp.com\/qensemble.com\/wp-content\/uploads\/Q-Ensemble-%C2%A9-Jeremy-Knowles-scaled.jpg?ssl=1 1x, https:\/\/i0.wp.com\/qensemble.com\/wp-content\/uploads\/Q-Ensemble-%C2%A9-Jeremy-Knowles-scaled.jpg?ssl=1 2x\" sizes=\"auto, 100vw\" \/><\/figure>\n\n\n\n<p class=\"wp-block-paragraph\">\u00a9 Jeremy Knowles<\/p>\n\n\n\n<h4 class=\"wp-block-heading has-text-align-center\" style=\"font-style:normal;font-weight:400\">Kontakt: info@qensemble.com<\/h4>\n","protected":false},"excerpt":{"rendered":"<p>Formed by a group of international musicians and led by the Australian conductor Edward Ananian-Cooper, Q Ensemble Berlin creates performances that integrate diverse artists and varied art-forms . With their multidisciplinary performances, they inspire new audiences and with original character they aim to break the conservative etiquette of classical music, re-inventing the incredible masterpieces of the baroque era, and offering original interpretations of contemporary works.<\/p>\n","protected":false},"author":1,"featured_media":2742,"parent":0,"menu_order":0,"comment_status":"closed","ping_status":"closed","template":"","meta":{"nf_dc_page":"","_crdt_document":"","footnotes":""},"class_list":["post-2320","page","type-page","status-publish","has-post-thumbnail","hentry","template-grid","left","mobile-top"],"jetpack_shortlink":"https:\/\/wp.me\/Pbjos5-Bq","jetpack_sharing_enabled":true,"_links":{"self":[{"href":"https:\/\/qensemble.com\/de\/wp-json\/wp\/v2\/pages\/2320","targetHints":{"allow":["GET"]}}],"collection":[{"href":"https:\/\/qensemble.com\/de\/wp-json\/wp\/v2\/pages"}],"about":[{"href":"https:\/\/qensemble.com\/de\/wp-json\/wp\/v2\/types\/page"}],"author":[{"embeddable":true,"href":"https:\/\/qensemble.com\/de\/wp-json\/wp\/v2\/users\/1"}],"replies":[{"embeddable":true,"href":"https:\/\/qensemble.com\/de\/wp-json\/wp\/v2\/comments?post=2320"}],"version-history":[{"count":51,"href":"https:\/\/qensemble.com\/de\/wp-json\/wp\/v2\/pages\/2320\/revisions"}],"predecessor-version":[{"id":3354,"href":"https:\/\/qensemble.com\/de\/wp-json\/wp\/v2\/pages\/2320\/revisions\/3354"}],"wp:featuredmedia":[{"embeddable":true,"href":"https:\/\/qensemble.com\/de\/wp-json\/wp\/v2\/media\/2742"}],"wp:attachment":[{"href":"https:\/\/qensemble.com\/de\/wp-json\/wp\/v2\/media?parent=2320"}],"curies":[{"name":"wp","href":"https:\/\/api.w.org\/{rel}","templated":true}]}}